{"id":21,"date":"2011-11-29T12:12:51","date_gmt":"2011-11-29T12:12:51","guid":{"rendered":"http:\/\/www.prologis.ufsc.br\/wordpress\/?page_id=21"},"modified":"2023-09-12T13:37:05","modified_gmt":"2023-09-12T16:37:05","slug":"professores","status":"publish","type":"page","link":"http:\/\/prologis.ufsc.br\/wordpress\/?page_id=21","title":{"rendered":"Professores"},"content":{"rendered":"<p><!--:pt--><\/p>\n<div id=\"internal-source-marker_0.8773839897476137\">\n<div id=\"internal-source-marker_0.8773839897476137\"><a href=\"https:\/\/lattes.cnpq.br\/0574333309366837\"><strong>Enzo Morosini Frazzon<\/strong><\/a><\/div>\n<div><span style=\"color: #ffffff;\">&#8211;<\/span><\/div>\n<p style=\"text-align: justify;\"><img decoding=\"async\" loading=\"lazy\" class=\"alignleft wp-image-2707 \" src=\"http:\/\/prologis.ufsc.br\/wordpress\/wp-content\/uploads\/2023\/09\/IMG_91031.png\" alt=\"\" width=\"150\" height=\"200\" srcset=\"http:\/\/prologis.ufsc.br\/wordpress\/wp-content\/uploads\/2023\/09\/IMG_91031.png 1080w, http:\/\/prologis.ufsc.br\/wordpress\/wp-content\/uploads\/2023\/09\/IMG_91031-768x1024.png 768w, http:\/\/prologis.ufsc.br\/wordpress\/wp-content\/uploads\/2023\/09\/IMG_91031-863x1151.png 863w, http:\/\/prologis.ufsc.br\/wordpress\/wp-content\/uploads\/2023\/09\/IMG_91031-81x108.png 81w\" sizes=\"(max-width: 150px) 100vw, 150px\" \/>Professor Associado do Departamento de Engenharia e Sistemas de Produ\u00e7\u00e3o da Universidade Federal de Santa Catarina, Florian\u00f3polis\/Brasil (2010 &#8211; &#8230;). Pesquisador p\u00f3s-doutorando na Universidade de Bremen\/Alemanha (2009 &#8211; &#8230;). Pesquisador visitante da Universidade de Parma\/It\u00e1lia (2018 &#8211; &#8230;). Interesses de pesquisa: integra\u00e7\u00e3o de processos de produ\u00e7\u00e3o e log\u00edstica; produ\u00e7\u00e3o inteligente e sistemas log\u00edsticos; Supply Chains; Otimiza\u00e7\u00e3o; Simula\u00e7\u00e3o; An\u00e1lise; Sistemas ciber-f\u00edsicos; Manufatura avan\u00e7ada e ind\u00fastria 4.0. Autor de mais de 100 artigos em confer\u00eancias e peri\u00f3dicos cient\u00edficos internacionais. Outras atividades: Editor-chefe de Produ\u00e7\u00e3o (<a href=\"https:\/\/www.prod.org.br\" target=\"_blank\" rel=\"noopener noreferrer\" data-saferedirecturl=\"https:\/\/www.google.com\/url?q=https:\/\/www.prod.org.br&amp;source=gmail&amp;ust=1553340554759000&amp;usg=AFQjCNH9iOTnlVPZObDv-1ZIZ5k3-0mu1Q\">www.prod.org.br<\/a>), a principal revista da Associa\u00e7\u00e3o Brasileira de Engenharia de Produ\u00e7\u00e3o; Supervisor\/leitor pesquisador do ProLogIS &#8211; Sistemas Inteligentes de Produ\u00e7\u00e3o e Log\u00edstica (<a href=\"https:\/\/prologis.ufsc.br\" target=\"_blank\" rel=\"noopener noreferrer\" data-saferedirecturl=\"https:\/\/www.google.com\/url?q=https:\/\/www.prologis.ufsc.br&amp;source=gmail&amp;ust=1553340554759000&amp;usg=AFQjCNEDORhFq7CqrE_zKkDkAkLMHl0IsA\">ProLogIS<\/a>); Chefe do CNPq Research Group S-ProLog &#8211; Sistemas de Produ\u00e7\u00e3o e Log\u00edstica. Prof. Dr.-Ing. Enzo Morosini Frazzon possui 21 anos de excelentes resultados em organiza\u00e7\u00f5es privadas e p\u00fablicas, atuando como engenheiro, professor, l\u00edder de projetos, pesquisador e consultor.<\/p>\n<\/div>\n<p style=\"text-align: left;\"><strong>E-mail: <\/strong>enzo.frazzon@ufsc.br<\/p>\n<p><a href=\"https:\/\/lattes.cnpq.br\/2992623886366532\"><strong>Lynceo Braghirolli<\/strong><\/a><\/p>\n<p style=\"text-align: justify;\"><img decoding=\"async\" loading=\"lazy\" class=\"alignleft wp-image-2692\" src=\"http:\/\/prologis.ufsc.br\/wordpress\/wp-content\/uploads\/2023\/09\/IMG_9214.png\" alt=\"\" width=\"150\" height=\"200\" srcset=\"http:\/\/prologis.ufsc.br\/wordpress\/wp-content\/uploads\/2023\/09\/IMG_9214.png 1080w, http:\/\/prologis.ufsc.br\/wordpress\/wp-content\/uploads\/2023\/09\/IMG_9214-768x1024.png 768w, http:\/\/prologis.ufsc.br\/wordpress\/wp-content\/uploads\/2023\/09\/IMG_9214-863x1151.png 863w, http:\/\/prologis.ufsc.br\/wordpress\/wp-content\/uploads\/2023\/09\/IMG_9214-81x108.png 81w\" sizes=\"(max-width: 150px) 100vw, 150px\" \/>Professor do Departamento de Engenharia e Sistemas de Produ\u00e7\u00e3o da Universidade Federal de Santa Catarina, Florian\u00f3polis\/Brasil (2018 &#8211; &#8230;). Lynceo Falavigna Braghirolli \u00e9 doutor em Engenharia de Produ\u00e7\u00e3o pela Universidade Federal do Rio Grande do Sul, Porto Alegre\/Brasil (2011-2014). Atualmente ele est\u00e1 trabalhando nos seguintes t\u00f3picos: simula\u00e7\u00e3o, otimiza\u00e7\u00e3o e educa\u00e7\u00e3o em engenharia. Autor de trabalhos de pesquisa em revistas nacionais e internacionais, anais de confer\u00eancias, assim como cap\u00edtulos de livros.<\/p>\n<p><span style=\"color: #ffffff;\">.<\/span><\/p>\n<p><strong>E-mail: <\/strong>lynceo.braghirolli@ufsc.br<\/p>\n<hr \/>\n<p style=\"text-align: left;\">\n","protected":false},"excerpt":{"rendered":"<p>Enzo Morosini Frazzon &#8211; Professor Associado do Departamento de Engenharia e Sistemas de Produ\u00e7\u00e3o da Universidade Federal de Santa Catarina, Florian\u00f3polis\/Brasil (2010 &#8211; &#8230;). Pesquisador p\u00f3s-doutorando na Universidade de Bremen\/Alemanha (2009 &#8211; &#8230;). Pesquisador visitante da Universidade de Parma\/It\u00e1lia (2018 &#8211; &#8230;). Interesses de pesquisa: integra\u00e7\u00e3o de processos de produ\u00e7\u00e3o e log\u00edstica; produ\u00e7\u00e3o inteligente e &hellip; <a href=\"http:\/\/prologis.ufsc.br\/wordpress\/?page_id=21\" class=\"more-link\">Continuar lendo <span class=\"screen-reader-text\">Professores<\/span><\/a><\/p>\n","protected":false},"author":1,"featured_media":0,"parent":611,"menu_order":1,"comment_status":"closed","ping_status":"closed","template":"","meta":[],"_links":{"self":[{"href":"http:\/\/prologis.ufsc.br\/wordpress\/index.php?rest_route=\/wp\/v2\/pages\/21"}],"collection":[{"href":"http:\/\/prologis.ufsc.br\/wordpress\/index.php?rest_route=\/wp\/v2\/pages"}],"about":[{"href":"http:\/\/prologis.ufsc.br\/wordpress\/index.php?rest_route=\/wp\/v2\/types\/page"}],"author":[{"embeddable":true,"href":"http:\/\/prologis.ufsc.br\/wordpress\/index.php?rest_route=\/wp\/v2\/users\/1"}],"replies":[{"embeddable":true,"href":"http:\/\/prologis.ufsc.br\/wordpress\/index.php?rest_route=%2Fwp%2Fv2%2Fcomments&post=21"}],"version-history":[{"count":35,"href":"http:\/\/prologis.ufsc.br\/wordpress\/index.php?rest_route=\/wp\/v2\/pages\/21\/revisions"}],"predecessor-version":[{"id":2735,"href":"http:\/\/prologis.ufsc.br\/wordpress\/index.php?rest_route=\/wp\/v2\/pages\/21\/revisions\/2735"}],"up":[{"embeddable":true,"href":"http:\/\/prologis.ufsc.br\/wordpress\/index.php?rest_route=\/wp\/v2\/pages\/611"}],"wp:attachment":[{"href":"http:\/\/prologis.ufsc.br\/wordpress\/index.php?rest_route=%2Fwp%2Fv2%2Fmedia&parent=21"}],"curies":[{"name":"wp","href":"https:\/\/api.w.org\/{rel}","templated":true}]}}