{"id":31,"date":"2011-11-29T10:50:09","date_gmt":"2011-11-29T12:50:09","guid":{"rendered":"http:\/\/www.prologis.ufsc.br\/wordpress\/?page_id=31"},"modified":"2025-11-11T17:38:45","modified_gmt":"2025-11-11T20:38:45","slug":"home","status":"publish","type":"page","link":"http:\/\/prologis.ufsc.br\/wordpress\/?lang=pt","title":{"rendered":"Home"},"content":{"rendered":"<p style=\"text-align: justify;\">O Laborat\u00f3rio de Sistemas Produtivos e Log\u00edsticos Inteligentes (ProLogIS) desenvolve pesquisas e projetos que buscam agregar intelig\u00eancia \u00e0 tomada de decis\u00e3o em sistemas produtivos e log\u00edsticos distribu\u00eddos. Procura ainda apoiar a melhoria da competitividade e resili\u00eancia de organiza\u00e7\u00f5es empresariais.<\/p>\n<p style=\"text-align: justify;\">O ProLogIS aborda o planejamento, controle e a gest\u00e3o das opera\u00e7\u00f5es, considerando a transforma\u00e7\u00e3o digital em curso, atuado para promover a integridade dos sistemas produtivos, aplicando m\u00e9todos baseados em an\u00e1lise de dados, aprendizado de m\u00e1quina, simula\u00e7\u00e3o e otimiza\u00e7\u00e3o no desenvolvimento de tecnologias de apoio \u00e0 tomada de decis\u00e3o. O grupo tem desenvolvido projetos de pesquisa e de transfer\u00eancia de conhecimento, nos \u00faltimos 10 anos, com \u00f3rg\u00e3os de fomento, startups, e empresas de diferentes portes.<\/p>\n<p><\/p>\n\n\n<p class=\"has-text-align-center\"><iframe loading=\"lazy\" src=\"https:\/\/docs.google.com\/presentation\/d\/e\/2PACX-1vREsGSHP0ivFIKJS0R7j4T0tKcwadFjYfUqUGlxxqs88zyymEurncGk1BKb9TAHOvTWFe9la7VlpGFv\/pubembed?start=false&amp;loop=true&amp;delayms=10000\" frameborder=\"0\" width=\"715\" height=\"440\" allowfullscreen=\"true\" mozallowfullscreen=\"true\" webkitallowfullscreen=\"true\"><\/iframe><\/p>\n\n\n\n<hr class=\"wp-block-separator has-css-opacity\"\/>\n\n\n\n<div class=\"wp-block-buttons is-content-justification-center is-layout-flex wp-container-1\">\n<div class=\"wp-block-button is-style-outline\"><a class=\"wp-block-button__link wp-element-button\" href=\"https:\/\/us19.campaign-archive.com\/home\/?u=0ff812819795f08660e725c1d&amp;id=0c4961cf32\" target=\"_blank\" rel=\"noreferrer noopener\">Acesse nossas Newsletters<\/a><\/div>\n<\/div>\n\n\n\n<p><p><\/p>\n\n\n\n<p><p><\/p>\n\n<head>\n  <link rel=\"stylesheet\" href=\"https:\/\/cdnjs.cloudflare.com\/ajax\/libs\/font-awesome\/6.5.2\/css\/all.min.css\">\n<\/head>\n<p>Veja mais sobre o laborat\u00f3rio em nossas redes sociais:\n  <a href=\"https:\/\/www.instagram.com\/prologis.ufsc\/\" target=\"_blank\" rel=\"noopener noreferrer\" aria-label=\"Nosso Instagram\" style=\"margin: 0 5px; text-decoration: none; color: inherit; vertical-align: middle;\">\n    <svg xmlns=\"http:\/\/www.w3.org\/2000\/svg\" width=\"27\" height=\"27\" viewBox=\"0 0 24 24\" fill=\"none\" stroke=\"currentColor\" stroke-width=\"2\" stroke-linecap=\"round\" stroke-linejoin=\"round\">\n      <rect x=\"2\" y=\"2\" width=\"20\" height=\"20\" rx=\"5\" ry=\"5\"><\/rect>\n      <path d=\"M16 11.37A4 4 0 1 1 12.63 8 4 4 0 0 1 16 11.37z\"><\/path>\n      <line x1=\"17.5\" y1=\"6.5\" x2=\"17.51\" y2=\"6.5\"><\/line>\n    <\/svg>\n  <\/a>\n  <a href=\"https:\/\/www.linkedin.com\/company\/prologisufsc\/\" target=\"_blank\" rel=\"noopener noreferrer\" aria-label=\"Nosso LinkedIn\" style=\"margin: 0 5px; text-decoration: none; color: inherit; vertical-align: middle;\">\n    <svg xmlns=\"http:\/\/www.w3.org\/2000\/svg\" width=\"27\" height=\"27\" viewBox=\"0 0 24 24\" fill=\"currentColor\">\n      <path d=\"M19 0h-14c-2.761 0-5 2.239-5 5v14c0 2.761 2.239 5 5 5h14c2.762 0 5-2.239 5-5v-14c0-2.761-2.238-5-5-5zm-11 19h-3v-11h3v11zm-1.5-12.268c-.966 0-1.75-.783-1.75-1.75s.784-1.75 1.75-1.75 1.75.783 1.75 1.75-.784 1.75-1.75 1.75zm13.5 12.268h-3v-5.604c0-3.368-4-3.113-4 0v5.604h-3v-11h3v1.765c1.396-2.586 7-2.777 7 2.476v6.759z\"><\/path>\n    <\/svg>\n  <\/a>\n<\/p>\n\n","protected":false},"excerpt":{"rendered":"<p>O Laborat\u00f3rio de Sistemas Produtivos e Log\u00edsticos Inteligentes (ProLogIS) desenvolve pesquisas e projetos que buscam agregar intelig\u00eancia \u00e0 tomada de decis\u00e3o em sistemas produtivos e log\u00edsticos distribu\u00eddos. Procura ainda apoiar a melhoria da competitividade e resili\u00eancia de organiza\u00e7\u00f5es empresariais. O ProLogIS aborda o planejamento, controle e a gest\u00e3o das opera\u00e7\u00f5es, considerando a transforma\u00e7\u00e3o digital em &hellip; <a href=\"http:\/\/prologis.ufsc.br\/wordpress\/?lang=pt\" class=\"more-link\">Continuar lendo <span class=\"screen-reader-text\">Home<\/span><\/a><\/p>\n","protected":false},"author":1,"featured_media":0,"parent":0,"menu_order":0,"comment_status":"closed","ping_status":"closed","template":"","meta":[],"_links":{"self":[{"href":"http:\/\/prologis.ufsc.br\/wordpress\/index.php?rest_route=\/wp\/v2\/pages\/31"}],"collection":[{"href":"http:\/\/prologis.ufsc.br\/wordpress\/index.php?rest_route=\/wp\/v2\/pages"}],"about":[{"href":"http:\/\/prologis.ufsc.br\/wordpress\/index.php?rest_route=\/wp\/v2\/types\/page"}],"author":[{"embeddable":true,"href":"http:\/\/prologis.ufsc.br\/wordpress\/index.php?rest_route=\/wp\/v2\/users\/1"}],"replies":[{"embeddable":true,"href":"http:\/\/prologis.ufsc.br\/wordpress\/index.php?rest_route=%2Fwp%2Fv2%2Fcomments&post=31"}],"version-history":[{"count":117,"href":"http:\/\/prologis.ufsc.br\/wordpress\/index.php?rest_route=\/wp\/v2\/pages\/31\/revisions"}],"predecessor-version":[{"id":3257,"href":"http:\/\/prologis.ufsc.br\/wordpress\/index.php?rest_route=\/wp\/v2\/pages\/31\/revisions\/3257"}],"wp:attachment":[{"href":"http:\/\/prologis.ufsc.br\/wordpress\/index.php?rest_route=%2Fwp%2Fv2%2Fmedia&parent=31"}],"curies":[{"name":"wp","href":"https:\/\/api.w.org\/{rel}","templated":true}]}}