{"id":605,"date":"2017-06-07T11:57:22","date_gmt":"2017-06-07T13:57:22","guid":{"rendered":"http:\/\/prologis.ufsc.br\/wordpress\/?page_id=605"},"modified":"2022-08-16T12:24:49","modified_gmt":"2022-08-16T14:24:49","slug":"sobre-o-prologis","status":"publish","type":"page","link":"http:\/\/prologis.ufsc.br\/wordpress\/?page_id=605","title":{"rendered":"Sobre o ProLogIS"},"content":{"rendered":"<p style=\"text-align: justify;\">O ProLogIS \u2013 Laborat\u00f3rio de Sistemas Produtivos e Log\u00edsticos Inteligentes, objetiva integrar conceitos, aplicar m\u00e9todos (baseados em simula\u00e7\u00e3o, otimiza\u00e7\u00e3o e\/ou an\u00e1lise de dados) e desenvolver tecnologias de apoio \u00e0 tomada de decis\u00e3o para o planejamento e controle orientado a dados de sistemas log\u00edsticos e da Manufatura 4.0.<\/p>\n<h3 style=\"text-align: justify;\"><strong>Atividades:<\/strong><\/h3>\n<p style=\"text-align: justify;\">O ProLogIS tem a atuado em atividades colaborativas de pesquisa e projetos no campo dos sistemas produtivos e log\u00edsticos inteligentes. A atua\u00e7\u00e3o dos pesquisadores\/alunos em projetos no \u00e2mbito do laborat\u00f3rio\/grupo de pesquisa possibilita o desenvolvimento de compet\u00eancias t\u00e9cnicas (tais como, revis\u00e3o bibliom\u00e9trica e sistem\u00e1tica da literatura, modelagem conceitual, modelagem cient\u00edfica, uso de ferramentas de simula\u00e7\u00e3o, uso de linguagens e software de programa\u00e7\u00e3o e an\u00e1lise de dados), interpessoais (tais como, gest\u00e3o de projetos, gest\u00e3o do tempo) e de comunica\u00e7\u00e3o (tais como, ingl\u00eas oral e reda\u00e7\u00e3o cient\u00edfica de relat\u00f3rios e manuscritos em ingl\u00eas).<\/p>\n<p style=\"text-align: justify;\">A coopera\u00e7\u00e3o com empresas e profissionais dos setores de estudo \u00e9 fundamental, visando adequar as solu\u00e7\u00f5es propostas \u00e0 operacionalidade necess\u00e1ria para sua aplica\u00e7\u00e3o pr\u00e1tica. Essa abordagem \u00e9 um componente fundamental para a promo\u00e7\u00e3o das inova\u00e7\u00f5es decorrentes dos projetos de pesquisa cient\u00edfica e tecnol\u00f3gica.<\/p>\n<p style=\"text-align: justify;\">O ProLogIS contribui tamb\u00e9m para a nuclea\u00e7\u00e3o de novos neg\u00f3cios, com destaque para a colabora\u00e7\u00e3o t\u00e9cnica em andamento com startups de base tecnol\u00f3gica.<\/p>\n<h3 style=\"text-align: justify;\">Linhas de pesquisa atuais:<\/h3>\n<p style=\"text-align: justify;\"><strong>Modelagem\u00a0e Gest\u00e3o de Sistemas Log\u00edsticos\u00a0Inteligentes:<\/strong> Esta linha de pesquisa promove a integra\u00e7\u00e3o de conceitos, tecnologias e m\u00e9todos avan\u00e7ados de apoio \u00e0 tomada de decis\u00e3o operacional (baseados em simula\u00e7\u00e3o, otimiza\u00e7\u00e3o e\/ou an\u00e1lise de dados) para a gest\u00e3o de sistemas log\u00edsticos e cadeias de suprimentos. A linha de pesquisa desenvolve conhecimento cient\u00edfico e aplica, de forma inovadora, conceitos, m\u00e9todos e t\u00e9cnicas para a gest\u00e3o e a tomada de decis\u00e3o operacional em sistemas log\u00edsticos e cadeias de suprimentos.<\/p>\n<p><span style=\"text-decoration: underline;\">Temas de Pesquisa:<\/span><\/p>\n<ul>\n<li style=\"text-align: justify;\">Sistemas Log\u00edsticos Inteligentes, Conectados e Digitais<\/li>\n<li style=\"text-align: justify;\">Modelagem, Simula\u00e7\u00e3o, Otimiza\u00e7\u00e3o e An\u00e1lise de Dados em Cadeias de Suprimentos Avan\u00e7adas<\/li>\n<li style=\"text-align: justify;\">Modelagem, Simula\u00e7\u00e3o, Otimiza\u00e7\u00e3o e An\u00e1lise de Dados em Sistemas Log\u00edsticos<\/li>\n<\/ul>\n<p style=\"text-align: justify;\"><strong>Intelig\u00eancia de Dados em Organiza\u00e7\u00f5es e Sistemas Produtivos:<\/strong> integrar conceitos, tecnologias e m\u00e9todos avan\u00e7ados de apoio \u00e0 tomada de decis\u00e3o (baseados em simula\u00e7\u00e3o, otimiza\u00e7\u00e3o e\/ou an\u00e1lise de dados) para a gest\u00e3o de opera\u00e7\u00f5es. Desenvolver conceitos, m\u00e9todos e t\u00e9cnicas para a gest\u00e3o e a tomada de decis\u00e3o em sistemas produtivos distribu\u00eddos, integra\u00e7\u00e3o de processos produtivos, manufatura avan\u00e7ada (inteligente, digital, conectada e social), manuten\u00e7\u00e3o inteligente e Ind\u00fastria 4.0. Esta linha tamb\u00e9m tem como finalidade pesquisar e aplicar ferramentas de an\u00e1lise e modelagem de dados para o estudo de sistemas de produ\u00e7\u00e3o, analisar dados sobre opera\u00e7\u00f5es ou for\u00e7a de trabalho de organiza\u00e7\u00f5es para apoio \u00e0 tomada de decis\u00f5es, e mensurar tra\u00e7os latentes relacionados com organiza\u00e7\u00f5es.<\/p>\n<p><span style=\"text-decoration: underline;\">Temas de pesquisa:<\/span><\/p>\n<ul>\n<li>An\u00e1lise de Dados em Sistemas Produtivos<\/li>\n<li>Gest\u00e3o da Manufatura Avan\u00e7ada<\/li>\n<li>Modelagem, Simula\u00e7\u00e3o e Otimiza\u00e7\u00e3o de Sistemas Produtivos<\/li>\n<\/ul>\n","protected":false},"excerpt":{"rendered":"<p>O ProLogIS \u2013 Laborat\u00f3rio de Sistemas Produtivos e Log\u00edsticos Inteligentes, objetiva integrar conceitos, aplicar m\u00e9todos (baseados em simula\u00e7\u00e3o, otimiza\u00e7\u00e3o e\/ou an\u00e1lise de dados) e desenvolver tecnologias de apoio \u00e0 tomada de decis\u00e3o para o planejamento e controle orientado a dados de sistemas log\u00edsticos e da Manufatura 4.0. Atividades: O ProLogIS tem a atuado em atividades &hellip; <a href=\"http:\/\/prologis.ufsc.br\/wordpress\/?page_id=605\" class=\"more-link\">Continuar lendo <span class=\"screen-reader-text\">Sobre o ProLogIS<\/span><\/a><\/p>\n","protected":false},"author":6,"featured_media":0,"parent":31,"menu_order":0,"comment_status":"closed","ping_status":"closed","template":"","meta":[],"_links":{"self":[{"href":"http:\/\/prologis.ufsc.br\/wordpress\/index.php?rest_route=\/wp\/v2\/pages\/605"}],"collection":[{"href":"http:\/\/prologis.ufsc.br\/wordpress\/index.php?rest_route=\/wp\/v2\/pages"}],"about":[{"href":"http:\/\/prologis.ufsc.br\/wordpress\/index.php?rest_route=\/wp\/v2\/types\/page"}],"author":[{"embeddable":true,"href":"http:\/\/prologis.ufsc.br\/wordpress\/index.php?rest_route=\/wp\/v2\/users\/6"}],"replies":[{"embeddable":true,"href":"http:\/\/prologis.ufsc.br\/wordpress\/index.php?rest_route=%2Fwp%2Fv2%2Fcomments&post=605"}],"version-history":[{"count":27,"href":"http:\/\/prologis.ufsc.br\/wordpress\/index.php?rest_route=\/wp\/v2\/pages\/605\/revisions"}],"predecessor-version":[{"id":2040,"href":"http:\/\/prologis.ufsc.br\/wordpress\/index.php?rest_route=\/wp\/v2\/pages\/605\/revisions\/2040"}],"up":[{"embeddable":true,"href":"http:\/\/prologis.ufsc.br\/wordpress\/index.php?rest_route=\/wp\/v2\/pages\/31"}],"wp:attachment":[{"href":"http:\/\/prologis.ufsc.br\/wordpress\/index.php?rest_route=%2Fwp%2Fv2%2Fmedia&parent=605"}],"curies":[{"name":"wp","href":"https:\/\/api.w.org\/{rel}","templated":true}]}}