{"id":800,"date":"2018-09-21T18:09:49","date_gmt":"2018-09-21T20:09:49","guid":{"rendered":"http:\/\/prologis.ufsc.br\/wordpress\/?page_id=800"},"modified":"2023-02-28T19:27:17","modified_gmt":"2023-02-28T21:27:17","slug":"contato","status":"publish","type":"page","link":"http:\/\/prologis.ufsc.br\/wordpress\/?page_id=800","title":{"rendered":"Contato"},"content":{"rendered":"<p><strong>L\u00edder: <\/strong>Prof. Enzo Morosini Frazzon, Dr.-Ing.<\/p>\n<p><strong>E-mail: <\/strong><a href=\"mailto:enzo.frazzon@ufsc.br\">enzo.frazzon@ufsc.br<\/a><\/p>\n<p><a href=\"https:\/\/lattes.cnpq.br\/0574333309366837\">Lattes<\/a> |&nbsp;<a href=\"https:\/\/www.linkedin.com\/in\/enzofrazzon\">Linkedin<\/a> | <a href=\"https:\/\/www.researchgate.net\/lab\/ProLogIS-Production-and-Logistics-Intelligent-Systems-Enzo-Morosini-Frazzon\">ResearchGate<\/a> | <a href=\"https:\/\/scholar.google.com.br\/citations?user=pVx5-RsAAAAJ&amp;hl=en&amp;oi=ao\">Google Scholar<\/a><\/p>\n<p><strong>Laborat\u00f3rio ProLogIS<\/strong>:<\/p>\n<p><strong>Telefone:<\/strong> +55 (48) 3721-7076<\/p>\n<p><strong>Endere\u00e7o: <\/strong>156, Av. Prof. Henrique da Silva Fontes, 2 &#8211; Trindade, Florian\u00f3polis &#8211; SC, 88036-020, Brazil.<\/p>\n","protected":false},"excerpt":{"rendered":"<p>L\u00edder: Prof. Enzo Morosini Frazzon, Dr.-Ing. E-mail: enzo.frazzon@ufsc.br Lattes |&nbsp;Linkedin | ResearchGate | Google Scholar Laborat\u00f3rio ProLogIS: Telefone: +55 (48) 3721-7076 Endere\u00e7o: 156, Av. Prof. Henrique da Silva Fontes, 2 &#8211; Trindade, Florian\u00f3polis &#8211; SC, 88036-020, Brazil.<\/p>\n","protected":false},"author":6,"featured_media":0,"parent":0,"menu_order":0,"comment_status":"closed","ping_status":"closed","template":"","meta":[],"_links":{"self":[{"href":"http:\/\/prologis.ufsc.br\/wordpress\/index.php?rest_route=\/wp\/v2\/pages\/800"}],"collection":[{"href":"http:\/\/prologis.ufsc.br\/wordpress\/index.php?rest_route=\/wp\/v2\/pages"}],"about":[{"href":"http:\/\/prologis.ufsc.br\/wordpress\/index.php?rest_route=\/wp\/v2\/types\/page"}],"author":[{"embeddable":true,"href":"http:\/\/prologis.ufsc.br\/wordpress\/index.php?rest_route=\/wp\/v2\/users\/6"}],"replies":[{"embeddable":true,"href":"http:\/\/prologis.ufsc.br\/wordpress\/index.php?rest_route=%2Fwp%2Fv2%2Fcomments&post=800"}],"version-history":[{"count":6,"href":"http:\/\/prologis.ufsc.br\/wordpress\/index.php?rest_route=\/wp\/v2\/pages\/800\/revisions"}],"predecessor-version":[{"id":2270,"href":"http:\/\/prologis.ufsc.br\/wordpress\/index.php?rest_route=\/wp\/v2\/pages\/800\/revisions\/2270"}],"wp:attachment":[{"href":"http:\/\/prologis.ufsc.br\/wordpress\/index.php?rest_route=%2Fwp%2Fv2%2Fmedia&parent=800"}],"curies":[{"name":"wp","href":"https:\/\/api.w.org\/{rel}","templated":true}]}}